{"id":138,"date":"2023-12-26T10:04:39","date_gmt":"2023-12-26T09:04:39","guid":{"rendered":"https:\/\/www.els.biz\/?page_id=138"},"modified":"2023-12-26T10:04:39","modified_gmt":"2023-12-26T09:04:39","slug":"politique-de-confidentialite","status":"publish","type":"page","link":"https:\/\/www.els.biz\/index.php\/politique-de-confidentialite\/","title":{"rendered":"Politique de confidentialit\u00e9"},"content":{"rendered":"\n<p>Dans le cadre de votre navigation sur notre site internet, nous sommes&nbsp;susceptibles de recueillir certaines de vos informations personnelles.<\/p>\n\n\n\n<p>Dans ce contexte, nous veillons&nbsp;\u00e0 collecter et traiter uniquement les donn\u00e9es personnelles pertinentes et strictement n\u00e9cessaires \u00e0 l\u2019atteinte des finalit\u00e9s d\u00e9finies ci-dessous.<\/p>\n\n\n\n<p><strong>QU&rsquo;EST-CE QU&rsquo;UN COOKIE ?<\/strong><\/p>\n\n\n\n<p>Le cookie est un petit fichier texte enregistr\u00e9 par le navigateur de votre ordinateur, tablette ou smartphone et qui permet de conserver des donn\u00e9es utilisateur afin de faciliter la navigation et de permettre certaines fonctionnalit\u00e9s.<\/p>\n\n\n\n<p>Il existe diff\u00e9rents types de cookies :\u00a0<\/p>\n\n\n\n<ul class=\"wp-block-list\">\n<li><strong>Les cookies de performance<\/strong><br>Il s&rsquo;agit ici de cookies sp\u00e9cialis\u00e9s dans le recueil d&rsquo;information. Ils servent \u00e0 mieux comprendre votre comportement utilisateur \u00e0 des fins d&rsquo;analyses, d&rsquo;am\u00e9lioration et d&rsquo;optimisation de la performance de la soci\u00e9t\u00e9 ELS. Les informations collect\u00e9es par ces cookies ne sont pas \u00e0 caract\u00e8re personnel.<br>\u00a0<\/li>\n\n\n\n<li><strong>Les cookies fonctionnels<\/strong><br>Ces cookies permettent de se souvenir de vos choix et de vos pr\u00e9f\u00e9rences afin de vous proposer une navigation personnalis\u00e9e, vous fournir un contenu pertinent et ainsi am\u00e9liorer votre confort d&rsquo;utilisation.<br>&nbsp;<\/li>\n\n\n\n<li><strong>Les cookies tiers<\/strong><br>Les cookies tiers sont des cookies d\u00e9pos\u00e9s par des soci\u00e9t\u00e9s tierces et h\u00e9berg\u00e9s par l&rsquo;interface. Dans le cas de la soci\u00e9t\u00e9 ELS, il peut s&rsquo;agir de donn\u00e9es r\u00e9cup\u00e9r\u00e9es par les partenaires du Groupe. Ils sont utilis\u00e9s \u00e0 des fins marketing, de pr\u00e9sentation, de publicit\u00e9s cibl\u00e9es et personnalis\u00e9es.<\/li>\n<\/ul>\n\n\n\n<p><strong>DONN\u00c9ES COLLECT\u00c9ES<\/strong><\/p>\n\n\n\n<p>Les donn\u00e9es personnelles collect\u00e9es via notre site internet visent \u00e0 r\u00e9pondre aux besoins suivants :<\/p>\n\n\n\n<ul class=\"wp-block-list\">\n<li>Garantir la s\u00e9curit\u00e9 de notre site internet ;<\/li>\n\n\n\n<li>R\u00e9pondre aux demandes formul\u00e9es via nos formulaires de contact ;<\/li>\n\n\n\n<li>R\u00e9colter les candidatures aux offres d&#8217;emploi ;<\/li>\n\n\n\n<li>Analyser la navigation des utilisateurs sur le site.<\/li>\n<\/ul>\n\n\n\n<p><br><strong>DANS QUEL INT\u00c9R\u00caT LES COOKIES ET TRACEURS SONT-ILS UTILIS\u00c9S ?<\/strong><\/p>\n\n\n\n<p>Les cookies et traceurs nous permettent notamment d\u2019obtenir des informations cl\u00e9s sur la fa\u00e7on dont vous naviguez sur notre site (appareil utilis\u00e9 ; navigateur utilis\u00e9 ; pages les plus visit\u00e9es\u2026), nous permettant ainsi d\u2019en am\u00e9liorer le fonctionnement.&nbsp;<\/p>\n\n\n\n<p>Pour ce faire, nous utilisons Google Analytics, un service d\u2019analyse d\u2019audience fourni par la soci\u00e9t\u00e9 Google Inc. Les donn\u00e9es r\u00e9colt\u00e9es dans ce contexte portent exclusivement sur l\u2019utilisation du pr\u00e9sent site internet et sont anonymes. Autrement dit, Google utilisera ces donn\u00e9es dans le seul but d\u2019\u00e9valuer l\u2019utilisation du pr\u00e9sent site internet et de compiler des rapports sur son activit\u00e9 \u00e0 destination de la soci\u00e9t\u00e9 ELS. \u00a0<\/p>\n\n\n\n<p>Les Cookies que Google Analytics \u00e9met sur le site et l&rsquo;application mobile nous permettent :<\/p>\n\n\n\n<ul class=\"wp-block-list\">\n<li>d&rsquo;\u00e9tablir des statistiques et volumes de fr\u00e9quentation et d&rsquo;utilisation des diverses \u00e9l\u00e9ments composant nos services. A ce titre, nous avons recours \u00e0 des cookies de mesure d&rsquo;audience ;<\/li>\n\n\n\n<li>d&rsquo;adapter la pr\u00e9sentation de notre Site selon le terminal utilis\u00e9 ;<\/li>\n\n\n\n<li>de permettre \u00e0 l&rsquo;internaute d&rsquo;acc\u00e9der \u00e0 des espaces r\u00e9serv\u00e9s et personnels de notre Site, tels que le compte, gr\u00e2ce \u00e0 des identifiants.<\/li>\n<\/ul>\n\n\n\n<p>Pour en savoir plus sur la politique de confidentialit\u00e9 applicable aux cookies utilis\u00e9s par le service Google Analytics, vous pouvez consulter la page suivante :&nbsp;<a href=\"http:\/\/www.google.fr\/intl\/fr\/policies\/privacy\/\" target=\"_blank\" rel=\"noreferrer noopener\">http:\/\/www.google.fr\/intl\/fr\/policies\/privacy\/<\/a>.<\/p>\n\n\n\n<p><strong>TRAITEMENT ET CONSERVATION DES DONN\u00c9ES<\/strong><\/p>\n\n\n\n<p>Vos donn\u00e9es personnelles sont exclusivement destin\u00e9es \u00e0 la Direction de la Communication et \u00e0 la Direction des Ressources Humaines de la soci\u00e9t\u00e9 ELS. <\/p>\n\n\n\n<p>Ces derni\u00e8res seront conserv\u00e9es durant une p\u00e9riode d\u00e9finie&nbsp;:<\/p>\n\n\n\n<ul class=\"wp-block-list\">\n<li>Le temps de traiter votre demande pour les sollicitations adress\u00e9es via nos formulaire de contact&nbsp;;<\/li>\n\n\n\n<li>Jusqu\u2019\u00e0 deux ans apr\u00e8s notre dernier \u00e9change dans le cadre d\u2019une proc\u00e9dure de recrutement&nbsp;;<\/li>\n\n\n\n<li>Jusqu\u2019\u00e0 13 mois pour toutes les donn\u00e9es relatives \u00e0 votre navigation (cookies).<br>&nbsp;<\/li>\n<\/ul>\n\n\n\n<p><strong>VOS DROITS<\/strong><\/p>\n\n\n\n<p>Vous disposez, sur les donn\u00e9es qui vous concernent, d&rsquo;un droit d&rsquo;acc\u00e8s, de modification, de limitation, d\u2019effacement, d\u2019opposition pour des motifs l\u00e9gitimes, d\u2019un droit \u00e0 la portabilit\u00e9, ainsi que du droit de d\u00e9finir des directives relatives au sort de vos donn\u00e9es en cas de d\u00e9c\u00e8s, que vous pouvez exercer en adressant un e-mail au D\u00e9l\u00e9gu\u00e9 \u00e0 la Protection des donn\u00e9es de la soci\u00e9t\u00e9 GALIS \u00e0 l\u2019adresse suivante :\u00a0<a href=\"mailto:info@els.biz\" target=\"_blank\" rel=\"noreferrer noopener\">info@els.biz<\/a><\/p>\n\n\n\n<p>Vous disposez par ailleurs du droit d\u2019introduire une r\u00e9clamation aupr\u00e8s de la Commission Nationale de l\u2019Informatique et des Libert\u00e9s (CNIL), notamment via son site internet&nbsp;<a href=\"http:\/\/www.cnil.fr\/\" target=\"_blank\" rel=\"noreferrer noopener\">www.cnil.fr<\/a>.<\/p>\n\n\n\n<p>Conform\u00e9ment \u00e0 la directive 2002\/58\/CE du 12 juillet 2002, la soci\u00e9t\u00e9 ELS recueille le consentement pr\u00e9alable au d\u00e9p\u00f4t des cookies publicitaires, de mesure d&rsquo;audience et de partage vers les r\u00e9seaux sociaux. L&rsquo;internaute peut faire le choix \u00e0 tout moment d&rsquo;exprimer et de modifier ses souhaits en mati\u00e8re de cookies, par les moyens d\u00e9crits ci-dessous.<\/p>\n\n\n\n<p><strong>PARAM\u00c9TRAGE DES COOKIES SUR VOTRE NAVIGATEUR&nbsp;<\/strong><\/p>\n\n\n\n<p>Bien que nous vous recommandions de conserver l\u2019activation de tous les cookies pour profiter pleinement de notre site internet, vous pouvez choisir de ne pas consentir \u00e0 l\u2019utilisation de certaines cat\u00e9gories de cookies.\u00a0Vous pouvez ainsi configurer votre navigateur de fa\u00e7on \u00e0 ce que des cookies soient enregistr\u00e9s ou rejet\u00e9s, de fa\u00e7on syst\u00e9matique ou en fonction des \u00e9metteurs que vous aurez choisis. Vous pouvez \u00e9galement configurer votre logiciel de navigation de mani\u00e8re \u00e0 ce que l&rsquo;utilisation des cookies fasse l&rsquo;objet d&rsquo;une interrogation ponctuelle.<br><br>La configuration de chaque navigateur est diff\u00e9rente. le menu d&rsquo;aide du navigateur, comprend les informations qui vous permettront de savoir de quelle mani\u00e8re modifier le param\u00e9trage en mati\u00e8re de cookies.\u00a0<\/p>\n\n\n\n<ul class=\"wp-block-list\">\n<li>Pour Internet Explorer :&nbsp;<a href=\"http:\/\/windows.microsoft.com\/fr-FR\/windows-vista\/Block-or-allow-cookies\" target=\"_blank\" rel=\"noreferrer noopener\">http:\/\/windows.microsoft.com\/fr-FR\/windows-vista\/Block-or-allow-cookies<\/a><\/li>\n\n\n\n<li>Pour Safari :&nbsp;<a href=\"http:\/\/docs.info.apple.com\/article.html?path=Safari\/3.0\/fr\/9277.html\" target=\"_blank\" rel=\"noreferrer noopener\">https:\/\/support.apple.com\/fr-fr\/guide\/safari\/sfri11471\/mac<\/a><\/li>\n\n\n\n<li>Pour Chrome :&nbsp;<a href=\"http:\/\/support.google.com\/chrome\/bin\/answer.py?hl=fr&amp;hlrm=en&amp;answer=95647\" target=\"_blank\" rel=\"noreferrer noopener\">http:\/\/support.google.com\/chrome\/bin\/answer.py?hl=fr&amp;hlrm=en&amp;answer=95647<\/a><\/li>\n\n\n\n<li>Pour Firefox :&nbsp;<a href=\"http:\/\/support.mozilla.org\/fr\/kb\/Activer%20et%20d%C3%A9sactiver%20les%20cookies\" target=\"_blank\" rel=\"noreferrer noopener\">http:\/\/support.mozilla.org\/fr\/kb\/Activer%20et%20d%C3%A9sactiver%20les%20cookies<\/a><\/li>\n\n\n\n<li>Pour Opera :&nbsp;<a href=\"http:\/\/help.opera.com\/Windows\/10.20\/fr\/cookies.html\" target=\"_blank\" rel=\"noreferrer noopener\">http:\/\/help.opera.com\/Windows\/10.20\/fr\/cookies.html<\/a><\/li>\n<\/ul>\n\n\n\n<p>Toutefois, notez que le fait de bloquer certains types de cookies peut avoir une incidence sur votre exp\u00e9rience de navigation et sur la disponibilit\u00e9 de certains services.<\/p>\n\n\n\n<p><strong>PARAM\u00c9TRAGE DU SYST<\/strong><strong>\u00c8<\/strong><strong>ME DE NAVIGATION DE VOTRE SMARTPHONE<\/strong><\/p>\n\n\n\n<p>Vous pouvez contr\u00f4ler le d\u00e9p\u00f4t des Cookies sur un smartphone \u00e0 l&rsquo;aide des informations fournies par les syst\u00e8mes d&rsquo;exploitation :<\/p>\n\n\n\n<ul class=\"wp-block-list\">\n<li>Sur iOS :&nbsp;<a href=\"https:\/\/support.apple.com\/fr-fr\/HT201265\" target=\"_blank\" rel=\"noreferrer noopener\">https:\/\/support.apple.com\/fr-fr\/HT201265<\/a><\/li>\n\n\n\n<li>Sur Android :&nbsp;<a href=\"https:\/\/support.google.com\/chrome\/topic\/3434352\" target=\"_blank\" rel=\"noreferrer noopener\">https:\/\/support.google.com\/chrome\/topic\/3434352<\/a><\/li>\n<\/ul>\n\n\n\n<p><strong>LISTE D&rsquo;OPPOSITION AU D\u00c9P<\/strong><strong>\u00d4<\/strong><strong>T DES COOKIES<\/strong><\/p>\n\n\n\n<p>L&rsquo;internaute a \u00e9galement la possibilit\u00e9 de s&rsquo;opposer au d\u00e9p\u00f4t des cookies en acc\u00e9dant au site internet :&nbsp;<br><a href=\"http:\/\/www.youronlinechoices.com\/fr\/controler-ses-cookies\/\" target=\"_blank\" rel=\"noreferrer noopener\">http:\/\/www.youronlinechoices.com\/fr\/controler-ses-cookies\/<\/a><\/p>\n\n\n\n<p><strong>MODIFICATION DE LA POLITIQUE<\/strong><\/p>\n\n\n\n<p>La pr\u00e9sente politique a \u00e9t\u00e9 mise \u00e0 jour le 26\/12\/2023.En cas de modification ou mise \u00e0 jour de la pr\u00e9sente politique, vous serez inform\u00e9s par un affichage sur le site.<\/p>\n","protected":false},"excerpt":{"rendered":"<p>Dans le cadre de votre navigation sur notre site internet, nous sommes&nbsp;susceptibles de recueillir certaines de vos informations personnelles. Dans ce contexte, nous veillons&nbsp;\u00e0 collecter et traiter uniquement les donn\u00e9es personnelles pertinentes et strictement n\u00e9cessaires \u00e0 l\u2019atteinte des finalit\u00e9s d\u00e9finies ci-dessous. QU&rsquo;EST-CE QU&rsquo;UN COOKIE ? Le cookie est un petit fichier texte enregistr\u00e9 par le [&hellip;]<\/p>\n","protected":false},"author":1,"featured_media":0,"parent":0,"menu_order":0,"comment_status":"closed","ping_status":"closed","template":"","meta":{"footnotes":""},"class_list":["post-138","page","type-page","status-publish","hentry"],"_links":{"self":[{"href":"https:\/\/www.els.biz\/index.php\/wp-json\/wp\/v2\/pages\/138","targetHints":{"allow":["GET"]}}],"collection":[{"href":"https:\/\/www.els.biz\/index.php\/wp-json\/wp\/v2\/pages"}],"about":[{"href":"https:\/\/www.els.biz\/index.php\/wp-json\/wp\/v2\/types\/page"}],"author":[{"embeddable":true,"href":"https:\/\/www.els.biz\/index.php\/wp-json\/wp\/v2\/users\/1"}],"replies":[{"embeddable":true,"href":"https:\/\/www.els.biz\/index.php\/wp-json\/wp\/v2\/comments?post=138"}],"version-history":[{"count":1,"href":"https:\/\/www.els.biz\/index.php\/wp-json\/wp\/v2\/pages\/138\/revisions"}],"predecessor-version":[{"id":139,"href":"https:\/\/www.els.biz\/index.php\/wp-json\/wp\/v2\/pages\/138\/revisions\/139"}],"wp:attachment":[{"href":"https:\/\/www.els.biz\/index.php\/wp-json\/wp\/v2\/media?parent=138"}],"curies":[{"name":"wp","href":"https:\/\/api.w.org\/{rel}","templated":true}]}}