{"id":133,"date":"2023-12-26T09:49:37","date_gmt":"2023-12-26T08:49:37","guid":{"rendered":"https:\/\/www.els.biz\/?page_id=133"},"modified":"2024-01-03T16:30:13","modified_gmt":"2024-01-03T15:30:13","slug":"mentions-legales","status":"publish","type":"page","link":"https:\/\/www.els.biz\/index.php\/mentions-legales\/","title":{"rendered":"Mention l\u00e9gales"},"content":{"rendered":"\n<p><strong>\u00c9DITEUR DU SITE :<\/strong><br>Le site www.els.biz est le site officiel de ELS Expositions Logistique Services, transporteur logisticien sp\u00e9cialis\u00e9 dans l&rsquo;\u00e9v\u00e9nementiel.<\/p>\n\n\n\n<p><strong>ELS<\/strong><br>7, rue de la Garenne<br>95310 Saint-Ouen-l&rsquo;Aum\u00f4ne<\/p>\n\n\n\n<p>T\u00e9l. : +33 1 30 37 93 90<br>E-mail :&nbsp;<a href=\"mailto:info@els.biz\" target=\"_blank\" rel=\"noreferrer noopener\">info@els.biz<\/a><\/p>\n\n\n\n<p>S.A.R.L au capital social : 60 000,00 \u20ac<br>RCS Pontoise B 398 953 810<br>SIRET :&nbsp;389 953 810 00031&nbsp;<br>TVA intracommunautaire : FR 73 398 953 810<\/p>\n\n\n\n<p><strong>Directeur de la publication :&nbsp;<\/strong>Jean-Christophe Desvignes<\/p>\n\n\n\n<p><strong>INFORMATIONS PERSONNELLES :<\/strong><br>Conform\u00e9ment \u00e0 la loi Informatique et libert\u00e9s en date du 6 janvier 1978, vous b\u00e9n\u00e9ficiez d\u2019un droit d\u2019acc\u00e8s, de rectification, de modification et de suppression concernant les donn\u00e9es qui vous concernent. Vous pouvez exercer ce droit en envoyant un mail \u00e0&nbsp;info@els.biz.<\/p>\n\n\n\n<p><strong>DROITS D&rsquo;AUTEUR :<\/strong><br>L\u2019ensemble des textes, documents t\u00e9l\u00e9chargeables, ic\u00f4nes, vid\u00e9os et photographies publi\u00e9s sur ce site sont la propri\u00e9t\u00e9 de ELS ou de tiers dont il a \u00e9t\u00e9 obtenu les droits d\u2019exploitation, et ne peuvent \u00eatre utilis\u00e9s sans son autorisation.<\/p>\n\n\n\n<p>Toute repr\u00e9sentation ou reproduction int\u00e9grale ou partielle faite sans consentement de l\u2019auteur ou de ses ayants droits est illicite<br>(article L 122-4 du code de la propri\u00e9t\u00e9 intellectuelle).<\/p>\n\n\n\n<p><strong>ACC\u00c8S AU SITE :<\/strong><br>ELS&nbsp;se r\u00e9serve le droit de modifier, r\u00e9silier, suspendre ou interrompre \u00e0 tout moment, pour toutes raisons et \u00e0 sa seule discr\u00e9tion, l&rsquo;acc\u00e8s \u00e0 tout ou partie du site, y compris pour le contenu, les fonctionnalit\u00e9s ou les heures de disponibilit\u00e9 sans avis pr\u00e9alable.<\/p>\n\n\n\n<p><strong>RESPONSABILIT\u00c9 QUANT AU CONTENU :<\/strong><br>ELS s&rsquo;efforce d&rsquo;assurer au mieux l&rsquo;exactitude et la mise \u00e0 jour des informations diffus\u00e9es sur ce site, et se r\u00e9serve le droit de corriger, \u00e0 tout moment et sans pr\u00e9avis, le contenu. Aussi, nous avertissons le visiteur qu&rsquo;il lui appartient de v\u00e9rifier l&rsquo;information par d&rsquo;autres moyens, y compris en nous contactant. En cons\u00e9quence, nous d\u00e9clinons toute responsabilit\u00e9 : pour toute impr\u00e9cision, inexactitude ou omission portant sur des informations disponibles sur le site ; pour tout dommage r\u00e9sultant d&rsquo;une intrusion frauduleuse d&rsquo;un tiers ayant entra\u00een\u00e9 une modification des informations mises \u00e0 la disposition sur le site.<\/p>\n\n\n\n<p>Les sites ext\u00e9rieurs \u00e0 la soci\u00e9t\u00e9 ELS ayant un lien hypertexte avec le pr\u00e9sent site ne sont pas sous contr\u00f4le de celle-ci qui d\u00e9cline par cons\u00e9quent toute responsabilit\u00e9 quant \u00e0 leurs contenus. Ces liens ne constituent, en aucun cas, une approbation ou un partenariat entre ELS et ces sites, ceux-ci \u00e9tant soumis \u00e0 leurs propres conditions d&rsquo;utilisation et politiques de protection de la vie priv\u00e9e.<\/p>\n\n\n\n<p>Tous les produits, marques, logos et images cit\u00e9s dans ce site appartiennent \u00e0 leurs compagnies respectives.<\/p>\n\n\n\n<p><strong>H\u00c9BERGEMENT<\/strong><br>OVH &#8211; Roubaix<br><a href=\"http:\/\/www.ovh.com\" data-type=\"link\" data-id=\"www.ovh.com\" target=\"_blank\" rel=\"noreferrer noopener\">www.ovh.com<\/a><\/p>\n","protected":false},"excerpt":{"rendered":"<p>\u00c9DITEUR DU SITE :Le site www.els.biz est le site officiel de ELS Expositions Logistique Services, transporteur logisticien sp\u00e9cialis\u00e9 dans l&rsquo;\u00e9v\u00e9nementiel. ELS7, rue de la Garenne95310 Saint-Ouen-l&rsquo;Aum\u00f4ne T\u00e9l. : +33 1 30 37 93 90E-mail :&nbsp;info@els.biz S.A.R.L au capital social : 60 000,00 \u20acRCS Pontoise B 398 953 810SIRET :&nbsp;389 953 810 00031&nbsp;TVA intracommunautaire : FR [&hellip;]<\/p>\n","protected":false},"author":1,"featured_media":0,"parent":0,"menu_order":0,"comment_status":"closed","ping_status":"closed","template":"","meta":{"footnotes":""},"class_list":["post-133","page","type-page","status-publish","hentry"],"_links":{"self":[{"href":"https:\/\/www.els.biz\/index.php\/wp-json\/wp\/v2\/pages\/133","targetHints":{"allow":["GET"]}}],"collection":[{"href":"https:\/\/www.els.biz\/index.php\/wp-json\/wp\/v2\/pages"}],"about":[{"href":"https:\/\/www.els.biz\/index.php\/wp-json\/wp\/v2\/types\/page"}],"author":[{"embeddable":true,"href":"https:\/\/www.els.biz\/index.php\/wp-json\/wp\/v2\/users\/1"}],"replies":[{"embeddable":true,"href":"https:\/\/www.els.biz\/index.php\/wp-json\/wp\/v2\/comments?post=133"}],"version-history":[{"count":7,"href":"https:\/\/www.els.biz\/index.php\/wp-json\/wp\/v2\/pages\/133\/revisions"}],"predecessor-version":[{"id":262,"href":"https:\/\/www.els.biz\/index.php\/wp-json\/wp\/v2\/pages\/133\/revisions\/262"}],"wp:attachment":[{"href":"https:\/\/www.els.biz\/index.php\/wp-json\/wp\/v2\/media?parent=133"}],"curies":[{"name":"wp","href":"https:\/\/api.w.org\/{rel}","templated":true}]}}